{"id":343,"date":"2018-11-22T23:55:20","date_gmt":"2018-11-23T01:55:20","guid":{"rendered":"http:\/\/eletronsmateriaiseletricos.com.br\/?page_id=343"},"modified":"2019-03-15T16:04:26","modified_gmt":"2019-03-15T19:04:26","slug":"servicos-2","status":"publish","type":"page","link":"https:\/\/eletronsmateriaiseletricos.com.br\/?page_id=343","title":{"rendered":"SERVI\u00c7OS"},"content":{"rendered":"<div id='av_section_1' class='avia-section main_color avia-section-default avia-no-border-styling avia-full-stretch avia-bg-style-scroll  avia-builder-el-0  el_before_av_section  avia-builder-el-first   container_wrap fullsize' style='background-repeat: no-repeat; background-image: url(https:\/\/eletronsmateriaiseletricos.com.br\/wp-content\/uploads\/2018\/11\/fundo3.jpg);background-attachment: scroll; background-position: bottom center;  '  data-section-bg-repeat='stretch'><div class='container' ><main  role=\"main\" itemprop=\"mainContentOfPage\"  class='template-page content  av-content-full alpha units'><div class='post-entry post-entry-type-page post-entry-343'><div class='entry-content-wrapper clearfix'>\n<div style='padding-bottom:10px; color:#ffffff;' class='av-special-heading av-special-heading-h1 custom-color-heading blockquote modern-quote modern-centered  avia-builder-el-1  el_before_av_hr  avia-builder-el-first  '><h1 class='av-special-heading-tag '  itemprop=\"headline\"  >Servi\u00e7os<\/h1><div class='special-heading-border'><div class='special-heading-inner-border' style='border-color:#ffffff'><\/div><\/div><\/div>\n<div style='height:50px' class='hr hr-invisible   avia-builder-el-2  el_after_av_heading  avia-builder-el-last '><span class='hr-inner ' ><span class='hr-inner-style'><\/span><\/span><\/div>\n\n<\/div><\/div><\/main><!-- close content main element --><\/div><\/div><div id='av_section_2' class='avia-section main_color avia-section-default avia-no-border-styling avia-bg-style-scroll  avia-builder-el-3  el_after_av_section  avia-builder-el-last   container_wrap fullsize' style=' '  ><div class='container' ><div class='template-page content  av-content-full alpha units'><div class='post-entry post-entry-type-page post-entry-343'><div class='entry-content-wrapper clearfix'>\n<div class=\"flex_column av_one_third  av-animated-generic left-to-right  flex_column_div first  avia-builder-el-4  el_before_av_one_third  avia-builder-el-first  \" style='background: #f4f4f4; padding:20px; background-color:#f4f4f4; border-radius:0px; '><article class=\"iconbox iconbox_top av-no-box   avia-builder-el-5  avia-builder-el-no-sibling  \"  itemscope=\"itemscope\" itemtype=\"https:\/\/schema.org\/CreativeWork\" ><div class=\"iconbox_content\"><header class=\"entry-content-header\"><div class=\"iconbox_icon heading-color \" aria-hidden='true' data-av_icon='\uf115' data-av_iconfont='flaticon'  ><\/div><h3 class='iconbox_content_title '  itemprop=\"headline\"  >F\u00e1brica de Kit Postes<\/h3><\/header><div class='iconbox_content_container  '  itemprop=\"text\"  ><p>Nossa f\u00e1brica de Kit Postes conta com um rigoroso padr\u00e3o de qualidade, sendo produzido com concreto usinado e materiais homologados pela concession\u00e1ria. O kit poste \u00e9 formado pelo poste, fia\u00e7\u00e3o, caixa para abrigar os medidores, disjuntores, dispositivo contra surtos el\u00e9tricos (DPS), haste de aterramento e conectores.<br \/>\nNosso produto \u00e9 acompanhado por profissionais da fabrica\u00e7\u00e3o \u00e0 entrega.<\/p>\n<p>SOMOS HOMOLOGADOS: Nossa f\u00e1brica de kit postes \u00e9 homologada pela CELESC e Cooperativas;CERGAL;CERPALO;CEJAMA ;COOPERALIAN\u00c7A;CEGERO;CERMOFUL<\/p>\n<\/div><\/div><footer class=\"entry-footer\"><\/footer><\/article><\/div><div class=\"flex_column av_one_third  av-animated-generic left-to-right  flex_column_div   avia-builder-el-6  el_after_av_one_third  el_before_av_one_third  \" style='background: #f4f4f4; padding:20px; background-color:#f4f4f4; border-radius:0px; '><article class=\"iconbox iconbox_top av-no-box   avia-builder-el-7  avia-builder-el-no-sibling  \"  itemscope=\"itemscope\" itemtype=\"https:\/\/schema.org\/CreativeWork\" ><div class=\"iconbox_content\"><header class=\"entry-content-header\"><div class=\"iconbox_icon heading-color \" aria-hidden='true' data-av_icon='\uf178' data-av_iconfont='flaticon'  ><\/div><h3 class='iconbox_content_title '  itemprop=\"headline\"  >Materiais El\u00e9tricos e Ilumina\u00e7\u00e3o Decorativa<\/h3><\/header><div class='iconbox_content_container  '  itemprop=\"text\"  ><p>ELETRONS \u00e9 uma loja completa na linha de materiais el\u00e9tricos, trabalhando com as grandes marcas do segmento, e oferecendo sempre facilidades de negocia\u00e7\u00e3o tanto para o consumidor final, quanto para profissionais da constru\u00e7\u00e3o civil em geral! Do b\u00e1sico ao acabamento.<\/p>\n<\/div><\/div><footer class=\"entry-footer\"><\/footer><\/article><\/div><div class=\"flex_column av_one_third  av-animated-generic left-to-right  flex_column_div   avia-builder-el-8  el_after_av_one_third  avia-builder-el-last  \" style='background: #f4f4f4; padding:20px; background-color:#f4f4f4; border-radius:0px; '><article class=\"iconbox iconbox_top av-no-box   avia-builder-el-9  avia-builder-el-no-sibling  \"  itemscope=\"itemscope\" itemtype=\"https:\/\/schema.org\/CreativeWork\" ><div class=\"iconbox_content\"><header class=\"entry-content-header\"><div class=\"iconbox_icon heading-color \" aria-hidden='true' data-av_icon='\uf17c' data-av_iconfont='flaticon'  ><\/div><h3 class='iconbox_content_title '  itemprop=\"headline\"  >Constru\u00e7\u00e3o, manuten\u00e7\u00e3o e projetos de redes de baixa e m\u00e9dia tens\u00e3o<\/h3><\/header><div class='iconbox_content_container  '  itemprop=\"text\"  ><p>Atuamos no ramo de instala\u00e7\u00f5es el\u00e9tricas com grande experi\u00eancia no mercado, servi\u00e7os com qualidade e seguran\u00e7a, profissionais devidamente treinados.<\/p>\n<\/div><\/div><footer class=\"entry-footer\"><\/footer><\/article><\/div>\n","protected":false},"excerpt":{"rendered":"","protected":false},"author":1,"featured_media":0,"parent":0,"menu_order":0,"comment_status":"closed","ping_status":"closed","template":"","meta":{"footnotes":"","_joinchat":[]},"_links":{"self":[{"href":"https:\/\/eletronsmateriaiseletricos.com.br\/index.php?rest_route=\/wp\/v2\/pages\/343"}],"collection":[{"href":"https:\/\/eletronsmateriaiseletricos.com.br\/index.php?rest_route=\/wp\/v2\/pages"}],"about":[{"href":"https:\/\/eletronsmateriaiseletricos.com.br\/index.php?rest_route=\/wp\/v2\/types\/page"}],"author":[{"embeddable":true,"href":"https:\/\/eletronsmateriaiseletricos.com.br\/index.php?rest_route=\/wp\/v2\/users\/1"}],"replies":[{"embeddable":true,"href":"https:\/\/eletronsmateriaiseletricos.com.br\/index.php?rest_route=%2Fwp%2Fv2%2Fcomments&post=343"}],"version-history":[{"count":5,"href":"https:\/\/eletronsmateriaiseletricos.com.br\/index.php?rest_route=\/wp\/v2\/pages\/343\/revisions"}],"predecessor-version":[{"id":434,"href":"https:\/\/eletronsmateriaiseletricos.com.br\/index.php?rest_route=\/wp\/v2\/pages\/343\/revisions\/434"}],"wp:attachment":[{"href":"https:\/\/eletronsmateriaiseletricos.com.br\/index.php?rest_route=%2Fwp%2Fv2%2Fmedia&parent=343"}],"curies":[{"name":"wp","href":"https:\/\/api.w.org\/{rel}","templated":true}]}}