{"id":334,"date":"2018-11-22T23:47:20","date_gmt":"2018-11-23T01:47:20","guid":{"rendered":"http:\/\/eletronsmateriaiseletricos.com.br\/?page_id=334"},"modified":"2019-02-20T15:34:07","modified_gmt":"2019-02-20T18:34:07","slug":"a-eletrons","status":"publish","type":"page","link":"https:\/\/eletronsmateriaiseletricos.com.br\/?page_id=334","title":{"rendered":"A ELETRONS"},"content":{"rendered":"<div id='av_section_1' class='avia-section main_color avia-section-default avia-no-border-styling avia-full-stretch avia-bg-style-scroll  avia-builder-el-0  el_before_av_section  avia-builder-el-first   container_wrap fullsize' style='background-repeat: no-repeat; background-image: url(https:\/\/eletronsmateriaiseletricos.com.br\/wp-content\/uploads\/2018\/11\/fundo3.jpg);background-attachment: scroll; background-position: bottom center;  '  data-section-bg-repeat='stretch'><div class='container' ><main  role=\"main\" itemprop=\"mainContentOfPage\"  class='template-page content  av-content-full alpha units'><div class='post-entry post-entry-type-page post-entry-334'><div class='entry-content-wrapper clearfix'>\n<div style='padding-bottom:10px; color:#ffffff;' class='av-special-heading av-special-heading-h1 custom-color-heading blockquote modern-quote modern-centered  avia-builder-el-1  el_before_av_hr  avia-builder-el-first  '><h1 class='av-special-heading-tag '  itemprop=\"headline\"  >A ELETRONS<\/h1><div class='special-heading-border'><div class='special-heading-inner-border' style='border-color:#ffffff'><\/div><\/div><\/div>\n<div style='height:50px' class='hr hr-invisible   avia-builder-el-2  el_after_av_heading  avia-builder-el-last '><span class='hr-inner ' ><span class='hr-inner-style'><\/span><\/span><\/div>\n\n<\/div><\/div><\/main><!-- close content main element --><\/div><\/div><div id='av_section_2' class='avia-section main_color avia-section-default avia-no-border-styling avia-bg-style-scroll  avia-builder-el-3  el_after_av_section  avia-builder-el-last   container_wrap fullsize' style=' '  ><div class='container' ><div class='template-page content  av-content-full alpha units'><div class='post-entry post-entry-type-page post-entry-334'><div class='entry-content-wrapper clearfix'>\n<div class='avia-image-container avia_animated_image avia_animate_when_almost_visible av-rotateIn av-styling-    avia-builder-el-4  el_before_av_one_half  avia-builder-el-first  avia-align-center '  itemprop=\"ImageObject\" itemscope=\"itemscope\" itemtype=\"https:\/\/schema.org\/ImageObject\"  ><div class='avia-image-container-inner'><div class='avia-image-overlay-wrap'><img class='avia_image' src='https:\/\/eletronsmateriaiseletricos.com.br\/wp-content\/uploads\/2018\/11\/fav.png' alt='' title='fav' height=\"175\" width=\"175\"  itemprop=\"thumbnailUrl\"  \/><\/div><\/div><\/div>\n<div class=\"flex_column av_one_half  flex_column_div av-zero-column-padding first  avia-builder-el-5  el_after_av_image  el_before_av_one_half  \" style='border-radius:0px; '><section class=\"av_textblock_section \"  itemscope=\"itemscope\" itemtype=\"https:\/\/schema.org\/CreativeWork\" ><div class='avia_textblock  '   itemprop=\"text\" ><p style=\"text-align: justify;\">Estamos plenamente capacitados para executar projetos, montagens, manuten\u00e7\u00f5es construtivas, corretivas e preventivas, e tamb\u00e9m em linha viva. Nossos colaboradores s\u00e3o parceiros, e esta parceria foi conquistada atrav\u00e9s da confian\u00e7a em nosso trabalho e, como resultados temos qualidade, agilidade, satisfa\u00e7\u00e3o e confian\u00e7a. A Eletrons, vem acompanhando todos os avan\u00e7os tecnol\u00f3gicos no mercado de materiais el\u00e9tricos, sempre em permanente sintonia com os lan\u00e7amentos de novos produtos e servi\u00e7os.<\/p>\n<\/div><\/section><\/div><div class=\"flex_column av_one_half  flex_column_div av-zero-column-padding   avia-builder-el-7  el_after_av_one_half  el_before_av_one_third  \" style='border-radius:0px; '><section class=\"av_textblock_section \"  itemscope=\"itemscope\" itemtype=\"https:\/\/schema.org\/CreativeWork\" ><div class='avia_textblock  '   itemprop=\"text\" ><p>Nossa miss\u00e3o compreende oferecer produtos que garantam m\u00e1xima seguran\u00e7a nas instala\u00e7\u00f5es el\u00e9tricas, com perfeito funcionamento dos seus componentes e observando as normas vigentes do setor. Nossa maior preocupa\u00e7\u00e3o \u00e9 com a satisfa\u00e7\u00e3o dos nossos clientes.<\/p>\n<\/div><\/section><\/div><div class=\"flex_column av_one_third  flex_column_div av-zero-column-padding first  avia-builder-el-9  el_after_av_one_half  el_before_av_one_third  column-top-margin\" style='background: #eeee22; background-color:#eeee22; border-radius:0px; '><section class=\"av_textblock_section \"  itemscope=\"itemscope\" itemtype=\"https:\/\/schema.org\/CreativeWork\" ><div class='avia_textblock  '   itemprop=\"text\" ><p style=\"text-align: center;\"><strong>MISS\u00c3O<\/strong><\/p>\n<\/div><\/section><br \/>\n<section class=\"av_textblock_section \"  itemscope=\"itemscope\" itemtype=\"https:\/\/schema.org\/CreativeWork\" ><div class='avia_textblock  '   itemprop=\"text\" ><p style=\"text-align: center;\">Facilitar e fornecer produtos e servi\u00e7os de qualidade, visando o acesso aos benef\u00edcios e solu\u00e7\u00f5es da energia el\u00e9trica.<\/p>\n<\/div><\/section><\/p><\/div><div class=\"flex_column av_one_third  flex_column_div av-zero-column-padding   avia-builder-el-12  el_after_av_one_third  el_before_av_one_third  column-top-margin\" style='background: #eeee22; background-color:#eeee22; border-radius:0px; '><section class=\"av_textblock_section \"  itemscope=\"itemscope\" itemtype=\"https:\/\/schema.org\/CreativeWork\" ><div class='avia_textblock  '   itemprop=\"text\" ><p style=\"text-align: center;\"><strong>VIS\u00c3O<\/strong><\/p>\n<\/div><\/section><br \/>\n<section class=\"av_textblock_section \"  itemscope=\"itemscope\" itemtype=\"https:\/\/schema.org\/CreativeWork\" ><div class='avia_textblock  '   itemprop=\"text\" ><p style=\"text-align: center;\">Ser reconhecida na regi\u00e3o sul de Santa Catarina como uma empresa de produto e servi\u00e7os qualificados e certificados no setor el\u00e9trico.<\/p>\n<\/div><\/section><\/p><\/div><div class=\"flex_column av_one_third  flex_column_div av-zero-column-padding   avia-builder-el-15  el_after_av_one_third  el_before_av_one_full  column-top-margin\" style='background: #eeee22; background-color:#eeee22; border-radius:0px; '><section class=\"av_textblock_section \"  itemscope=\"itemscope\" itemtype=\"https:\/\/schema.org\/CreativeWork\" ><div class='avia_textblock  '   itemprop=\"text\" ><p style=\"text-align: center;\"><strong>VALORES<\/strong><\/p>\n<\/div><\/section><br \/>\n<section class=\"av_textblock_section \"  itemscope=\"itemscope\" itemtype=\"https:\/\/schema.org\/CreativeWork\" ><div class='avia_textblock  '   itemprop=\"text\" ><p style=\"text-align: center;\">Compromisso,\u00a0Excel\u00eancia,\u00a0Profissionalismo e\u00a0Respeito.<\/p>\n<\/div><\/section><\/p><\/div><div class=\"flex_column av_one_full  flex_column_div av-zero-column-padding first  avia-builder-el-18  el_after_av_one_third  avia-builder-el-last  column-top-margin\" style='border-radius:0px; '><div id='av-masonry-1' class='av-masonry  noHover av-fixed-size av-large-gap av-hover-overlay- av-masonry-animation-active av-masonry-col-4 av-caption-always av-caption-style- av-masonry-gallery     '  ><div class='av-masonry-container isotope av-js-disabled ' ><div class='av-masonry-entry isotope-item av-masonry-item-no-image '><\/div><div id='av-masonry-1-item-375' data-av-masonry-item='375' class='av-masonry-entry isotope-item post-375 attachment type-attachment status-inherit hentry  av-masonry-item-with-image'   itemprop=\"thumbnailUrl\" ><div class='av-inner-masonry-sizer'><\/div><figure class='av-inner-masonry main_color'><div class=\"av-masonry-outerimage-container\"><div class=\"av-masonry-image-container\" style=\"background-image: url(https:\/\/eletronsmateriaiseletricos.com.br\/wp-content\/uploads\/2018\/11\/img1-705x579.jpg);\" title=\"img1\" ><\/div><\/div><\/figure><\/div><!--end av-masonry entry--><div id='av-masonry-1-item-387' data-av-masonry-item='387' class='av-masonry-entry isotope-item post-387 attachment type-attachment status-inherit hentry  av-masonry-item-with-image'   itemprop=\"thumbnailUrl\" ><div class='av-inner-masonry-sizer'><\/div><figure class='av-inner-masonry main_color'><div class=\"av-masonry-outerimage-container\"><div class=\"av-masonry-image-container\" style=\"background-image: url(https:\/\/eletronsmateriaiseletricos.com.br\/wp-content\/uploads\/2018\/11\/foto1-705x396.jpeg);\" title=\"foto1\" ><\/div><\/div><\/figure><\/div><!--end av-masonry entry--><div id='av-masonry-1-item-388' data-av-masonry-item='388' class='av-masonry-entry isotope-item post-388 attachment type-attachment status-inherit hentry  av-masonry-item-with-image'   itemprop=\"thumbnailUrl\" ><div class='av-inner-masonry-sizer'><\/div><figure class='av-inner-masonry main_color'><div class=\"av-masonry-outerimage-container\"><div class=\"av-masonry-image-container\" style=\"background-image: url(https:\/\/eletronsmateriaiseletricos.com.br\/wp-content\/uploads\/2018\/11\/foto2-705x470.jpg);\" title=\"foto2\" ><\/div><\/div><\/figure><\/div><!--end av-masonry entry--><div id='av-masonry-1-item-389' data-av-masonry-item='389' class='av-masonry-entry isotope-item post-389 attachment type-attachment status-inherit hentry  av-masonry-item-with-image'   itemprop=\"thumbnailUrl\" ><div class='av-inner-masonry-sizer'><\/div><figure class='av-inner-masonry main_color'><div class=\"av-masonry-outerimage-container\"><div class=\"av-masonry-image-container\" style=\"background-image: url(https:\/\/eletronsmateriaiseletricos.com.br\/wp-content\/uploads\/2018\/11\/foto3-705x458.jpg);\" title=\"foto3\" ><\/div><\/div><\/figure><\/div><!--end av-masonry entry--><\/div><\/div><\/div>\n","protected":false},"excerpt":{"rendered":"","protected":false},"author":1,"featured_media":0,"parent":0,"menu_order":0,"comment_status":"closed","ping_status":"closed","template":"","meta":{"footnotes":"","_joinchat":[]},"_links":{"self":[{"href":"https:\/\/eletronsmateriaiseletricos.com.br\/index.php?rest_route=\/wp\/v2\/pages\/334"}],"collection":[{"href":"https:\/\/eletronsmateriaiseletricos.com.br\/index.php?rest_route=\/wp\/v2\/pages"}],"about":[{"href":"https:\/\/eletronsmateriaiseletricos.com.br\/index.php?rest_route=\/wp\/v2\/types\/page"}],"author":[{"embeddable":true,"href":"https:\/\/eletronsmateriaiseletricos.com.br\/index.php?rest_route=\/wp\/v2\/users\/1"}],"replies":[{"embeddable":true,"href":"https:\/\/eletronsmateriaiseletricos.com.br\/index.php?rest_route=%2Fwp%2Fv2%2Fcomments&post=334"}],"version-history":[{"count":11,"href":"https:\/\/eletronsmateriaiseletricos.com.br\/index.php?rest_route=\/wp\/v2\/pages\/334\/revisions"}],"predecessor-version":[{"id":421,"href":"https:\/\/eletronsmateriaiseletricos.com.br\/index.php?rest_route=\/wp\/v2\/pages\/334\/revisions\/421"}],"wp:attachment":[{"href":"https:\/\/eletronsmateriaiseletricos.com.br\/index.php?rest_route=%2Fwp%2Fv2%2Fmedia&parent=334"}],"curies":[{"name":"wp","href":"https:\/\/api.w.org\/{rel}","templated":true}]}}