{"id":110,"date":"2018-11-05T21:36:57","date_gmt":"2018-11-05T23:36:57","guid":{"rendered":"http:\/\/eletronsmateriaiseletricos.com.br\/?page_id=110"},"modified":"2019-03-07T08:46:47","modified_gmt":"2019-03-07T11:46:47","slug":"home","status":"publish","type":"page","link":"https:\/\/eletronsmateriaiseletricos.com.br\/","title":{"rendered":"HOME"},"content":{"rendered":"<p>[av_revolutionslider id=&#8217;3&#8242; av_uid=&#8217;av-bg26u&#8217;]<\/p>\n<\/div><\/div><\/div><!-- close content main div --><\/div><\/div><div id='av_section_1' class='avia-section main_color avia-section-default avia-no-border-styling avia-full-stretch avia-bg-style-fixed   container_wrap fullsize' style='background-repeat: no-repeat; background-image: url(https:\/\/eletronsmateriaiseletricos.com.br\/wp-content\/uploads\/2018\/11\/fundo2-1.jpg);background-attachment: fixed; background-position: top left;  '  data-section-bg-repeat='stretch'><div class='container' ><div class='template-page content  av-content-full alpha units'><div class='post-entry post-entry-type-page post-entry-110'><div class='entry-content-wrapper clearfix'>\n<div class='flex_column_table av-equal-height-column-flextable -flextable' ><div class=\"flex_column av_two_fifth  flex_column_table_cell av-equal-height-column av-align-middle av-zero-column-padding first  \" style='border-radius:0px; '><div class='avia-image-container avia_animated_image avia_animate_when_almost_visible left-to-right av-styling-    avia-align-center '  itemprop=\"ImageObject\" itemscope=\"itemscope\" itemtype=\"https:\/\/schema.org\/ImageObject\"  ><div class='avia-image-container-inner'><div class='avia-image-overlay-wrap'><img class='avia_image' src='https:\/\/eletronsmateriaiseletricos.com.br\/wp-content\/uploads\/2018\/11\/img1.jpg' alt='' title='img1' height=\"936\" width=\"1140\"  itemprop=\"thumbnailUrl\"  \/><\/div><\/div><\/div><\/div><\/div><!--close column table wrapper. Autoclose: 1 --><div class='flex_column_table av-equal-height-column-flextable -flextable' ><div class='av-flex-placeholder'><\/div><div class=\"flex_column av_three_fifth  flex_column_table_cell av-equal-height-column av-align-middle av-zero-column-padding   \" style='border-radius:0px; '><p><div style='padding-bottom:10px; color:#ffffff;' class='av-special-heading av-special-heading-h1 custom-color-heading blockquote modern-quote   av-thin-font '><h1 class='av-special-heading-tag '  itemprop=\"headline\"  ><strong>Eletrons Materiais El\u00e9tricos<\/strong><\/h1><div class='special-heading-border'><div class='special-heading-inner-border' style='border-color:#ffffff'><\/div><\/div><\/div><br \/>\n<div style=' margin-top:30px; margin-bottom:30px;'  class='hr hr-custom hr-left hr-icon-no  '><span class='hr-inner   inner-border-av-border-fat' style=' width:150px; border-color:#fff112;' ><span class='hr-inner-style'><\/span><\/span><\/div><br \/>\n<section class=\"av_textblock_section \"  itemscope=\"itemscope\" itemtype=\"https:\/\/schema.org\/CreativeWork\" ><div class='avia_textblock  av_inherit_color '  style='color:#ffffff; '  itemprop=\"text\" ><p>A Eletrons Materiais El\u00e9tricos e Intala\u00e7\u00f5es Ltda, est\u00e1 situada no munic\u00edpio\u00a0de Tubar\u00e3o-SC, no bairro Centro. Foi fundada em 22 de setembro de 1992, estando h\u00e1 mais de 25 anos no mercado. Visando atender as necessidades na \u00e1rea de materiais el\u00e9tricos em geral, disponibiliza uma ampla linha de produtos e solu\u00e7\u00f5es, para baixa e m\u00e9dia tens\u00e3o, instala\u00e7\u00e3o el\u00e9trica residencial, predial e industrial, como tamb\u00e9m na linha de kit postes padr\u00e3o Celesc e Cooperativas.<\/p>\n<\/div><\/section><br \/>\n<div class='avia-button-wrap avia-button-left '><a href='https:\/\/eletronsmateriaiseletricos.com.br\/?page_id=334'  class='avia-button   avia-icon_select-no avia-color-custom avia-size-large avia-position-left '  style='background-color:#fff112; border-color:#fff112; color:#3e4095; ' ><span class='avia_iconbox_title' >SAIBA MAIS SOBRE A ELETRONS<\/span><\/a><\/div><\/p><\/div><\/div><!--close column table wrapper. Autoclose: 1 -->\n\n<\/div><\/div><\/div><!-- close content main div --><\/div><\/div><div id='av_section_2' class='avia-section main_color avia-section-default avia-no-border-styling avia-bg-style-scroll   container_wrap fullsize' style=' '  ><div class='container' ><div class='template-page content  av-content-full alpha units'><div class='post-entry post-entry-type-page post-entry-110'><div class='entry-content-wrapper clearfix'>\n<div style='padding-bottom:10px; font-size:35px;' class='av-special-heading av-special-heading-h2  blockquote modern-quote modern-centered   av-inherit-size '><h2 class='av-special-heading-tag '  itemprop=\"headline\"  >Conhe\u00e7a nossos produtos<\/h2><div class='special-heading-border'><div class='special-heading-inner-border' ><\/div><\/div><\/div>\n<div style=' margin-top:30px; margin-bottom:30px;'  class='hr hr-custom hr-center hr-icon-no  '><span class='hr-inner   inner-border-av-border-fat' style=' width:150px; border-color:#eaeaea;' ><span class='hr-inner-style'><\/span><\/span><\/div>\n<div class=\"flex_column av_one_full  flex_column_div av-zero-column-padding first  \" style='border-radius:0px; '><div class='avia-icon-grid-container  '><ul id='avia-icongrid-69e3682d41890' class='clearfix avia-icongrid avia-icongrid-flipbox avia-icongrid-numrow-3 avia-icongrid-borders-between avia_animate_when_almost_visible' >\n<li><a href='#' title='F\u00e1brica de Kit Postes'  class='avia-icongrid-wrapper' ><article  class=\"article-icon-entry \"  itemscope=\"itemscope\" itemtype=\"https:\/\/schema.org\/CreativeWork\" ><div class='avia-icongrid-front' style='background-color:#f4f4f4; '><div class='avia-icongrid-inner'><div style='color:#757575; ' class='avia-icongrid-icon  avia-font-flaticon'><span class='icongrid-char ' aria-hidden='true' data-av_icon='\uf115' data-av_iconfont='flaticon'><\/span><\/div><header class=\"entry-content-header\"><h4 class='av_icongrid_title icongrid_title '  itemprop=\"headline\"  style='color:#757575; '>F\u00e1brica de Kit Postes<\/h4><h6 class='av_icongrid_subtitle icongrid_subtitle '  style='color:#757575; '>Saiba mais<\/h6><\/header><\/div><\/div><div class='avia-icongrid-content' style='background-color:#3e4095; '><div class='avia-icongrid-inner' style='color:#ffffff; '><div class='avia-icongrid-text '  itemprop=\"text\" ><p>Nossa f\u00e1brica de Kit Postes conta com um rigoroso padr\u00e3o de qualidade, sendo produzido com concreto usinado e materiais homologados pela concession\u00e1ria. O kit poste \u00e9 formado pelo poste, fia\u00e7\u00e3o, caixa para abrigar os medidores, disjuntores, dispositivo contra surtos el\u00e9tricos (DPS), haste de aterramento e conectores. Nosso produto \u00e9 acompanhado por profissionais da fabrica\u00e7\u00e3o \u00e0 entrega.<\/p>\n<\/div><\/div><\/div><\/article><\/a><\/li>\n<li><a href='#' title='Materiais El\u00e9tricos e Ilumina\u00e7\u00e3o Decorativa '  class='avia-icongrid-wrapper' ><article  class=\"article-icon-entry \"  itemscope=\"itemscope\" itemtype=\"https:\/\/schema.org\/CreativeWork\" ><div class='avia-icongrid-front' style='background-color:#f4f4f4; '><div class='avia-icongrid-inner'><div style='color:#757575; ' class='avia-icongrid-icon  avia-font-flaticon'><span class='icongrid-char ' aria-hidden='true' data-av_icon='\uf178' data-av_iconfont='flaticon'><\/span><\/div><header class=\"entry-content-header\"><h4 class='av_icongrid_title icongrid_title '  itemprop=\"headline\"  style='color:#757575; '>Materiais El\u00e9tricos e Ilumina\u00e7\u00e3o Decorativa <\/h4><h6 class='av_icongrid_subtitle icongrid_subtitle '  style='color:#757575; '>Saiba mais<\/h6><\/header><\/div><\/div><div class='avia-icongrid-content' style='background-color:#3e4095; '><div class='avia-icongrid-inner' style='color:#ffffff; '><div class='avia-icongrid-text '  itemprop=\"text\" ><p>ELETRONS \u00e9 uma loja completa na linha de materiais el\u00e9tricos, trabalhando com as grandes marcas do segmento, e oferecendo sempre facilidades de negocia\u00e7\u00e3o tanto para o consumidor final, quanto para profissionais da constru\u00e7\u00e3o civil em geral! Do b\u00e1sico ao acabamento.<\/p>\n<\/div><\/div><\/div><\/article><\/a><\/li>\n<li><a href='#' title=' Constru\u00e7\u00e3o, Manuten\u00e7\u00e3o e Projetos de redes de baixa e m\u00e9dia tens\u00e3o.'  class='avia-icongrid-wrapper' ><article  class=\"article-icon-entry \"  itemscope=\"itemscope\" itemtype=\"https:\/\/schema.org\/CreativeWork\" ><div class='avia-icongrid-front' style='background-color:#f4f4f4; '><div class='avia-icongrid-inner'><div style='color:#757575; ' class='avia-icongrid-icon  avia-font-flaticon'><span class='icongrid-char ' aria-hidden='true' data-av_icon='\uf17c' data-av_iconfont='flaticon'><\/span><\/div><header class=\"entry-content-header\"><h4 class='av_icongrid_title icongrid_title '  itemprop=\"headline\"  style='color:#757575; '> Constru\u00e7\u00e3o, Manuten\u00e7\u00e3o e Projetos de redes de baixa e m\u00e9dia tens\u00e3o.<\/h4><h6 class='av_icongrid_subtitle icongrid_subtitle '  style='color:#757575; '>Saiba mais<\/h6><\/header><\/div><\/div><div class='avia-icongrid-content' style='background-color:#3e4095; '><div class='avia-icongrid-inner' style='color:#ffffff; '><div class='avia-icongrid-text '  itemprop=\"text\" ><p>Atuamos no ramo de instala\u00e7\u00f5es el\u00e9tricas com grande experi\u00eancia no mercado, servi\u00e7os com qualidade e seguran\u00e7a, profissionais devidamente treinados.<\/p>\n<\/div><\/div><\/div><\/article><\/a><\/li>\n<\/ul><\/div><\/div>\n\n<\/div><\/div><\/div><!-- close content main div --><\/div><\/div><div id='av_section_3' class='avia-section main_color avia-section-default avia-no-border-styling avia-full-stretch av-section-color-overlay-active avia-bg-style-scroll   container_wrap fullsize' style='background-repeat: no-repeat; background-image: url(https:\/\/eletronsmateriaiseletricos.com.br\/wp-content\/uploads\/2018\/12\/pexels-photo-218983.jpeg);background-attachment: scroll; background-position: center center;  '  data-section-bg-repeat='stretch'><div class='av-section-color-overlay-wrap'><div class='av-section-color-overlay' style='opacity: 0.6; background-color: #0a0a0a; '><\/div><div class='container' ><div class='template-page content  av-content-full alpha units'><div class='post-entry post-entry-type-page post-entry-110'><div class='entry-content-wrapper clearfix'>\n<div style='height:90px' class='hr hr-invisible  '><span class='hr-inner ' ><span class='hr-inner-style'><\/span><\/span><\/div>\n<div class='flex_column_table av-equal-height-column-flextable -flextable' ><div class=\"flex_column av_one_half  flex_column_table_cell av-equal-height-column av-align-middle av-zero-column-padding first  \" style='border-radius:0px; '><div class='avia-image-container avia_animated_image avia_animate_when_almost_visible right-to-left av-styling-    avia-align-center '  itemprop=\"ImageObject\" itemscope=\"itemscope\" itemtype=\"https:\/\/schema.org\/ImageObject\"  ><div class='avia-image-container-inner'><div class='avia-image-overlay-wrap'><img class='avia_image' src='https:\/\/eletronsmateriaiseletricos.com.br\/wp-content\/uploads\/2018\/11\/postes.png' alt='' title='postes' height=\"363\" width=\"182\"  itemprop=\"thumbnailUrl\"  \/><\/div><\/div><\/div><\/div><\/div><!--close column table wrapper. Autoclose: 1 --><div class='flex_column_table av-equal-height-column-flextable -flextable' ><div class='av-flex-placeholder'><\/div><div class=\"flex_column av_one_third  flex_column_table_cell av-equal-height-column av-align-middle av-zero-column-padding   \" style='border-radius:0px; '><p><article class=\"iconbox iconbox_left_content    av-icon-style-no-border\"  itemscope=\"itemscope\" itemtype=\"https:\/\/schema.org\/CreativeWork\" ><div class=\"iconbox_icon heading-color \" aria-hidden='true' data-av_icon='\uf127' data-av_iconfont='flaticon'  style='color:#ffffff; ' ><\/div><div class=\"iconbox_content\"><header class=\"entry-content-header\"><h3 class='iconbox_content_title '  itemprop=\"headline\"   style='color:#ffffff; '>SOMOS HOMOLOGADOS<\/h3><\/header><div class='iconbox_content_container av_inherit_color '  itemprop=\"text\"   style='color:#ffffff; '><p>Nossa f\u00e1brica de kit postes \u00e9 homologada pela CELESC e Cooperativas:<br \/>\nCERGAL, CERPALO, CEJAMA, COOPERALIAN\u00c7A, CEGERO, E CERMOFUL.<\/p>\n<\/div><\/div><footer class=\"entry-footer\"><\/footer><\/article><br \/>\n<article class=\"iconbox iconbox_left_content    av-icon-style-no-border\"  itemscope=\"itemscope\" itemtype=\"https:\/\/schema.org\/CreativeWork\" ><div class=\"iconbox_icon heading-color \" aria-hidden='true' data-av_icon='\uf157' data-av_iconfont='flaticon'  style='color:#ffffff; ' ><\/div><div class=\"iconbox_content\"><header class=\"entry-content-header\"><h3 class='iconbox_content_title '  itemprop=\"headline\"   style='color:#ffffff; '>EQUIPAMENTOS DE PONTA<\/h3><\/header><div class='iconbox_content_container av_inherit_color '  itemprop=\"text\"   style='color:#ffffff; '><p>A Eletrons realiza realiza a avalia\u00e7\u00e3o da seguran\u00e7a de equipamentos que atuam diretamente nas \u00e1reas de fabrica\u00e7\u00e3o, para atender exatamente o que nossos clientes exigem.<\/p>\n<\/div><\/div><footer class=\"entry-footer\"><\/footer><\/article><br \/>\n<article class=\"iconbox iconbox_left_content    av-icon-style-no-border\"  itemscope=\"itemscope\" itemtype=\"https:\/\/schema.org\/CreativeWork\" ><div class=\"iconbox_icon heading-color \" aria-hidden='true' data-av_icon='\uf177' data-av_iconfont='flaticon'  style='color:#ffffff; ' ><\/div><div class=\"iconbox_content\"><header class=\"entry-content-header\"><h3 class='iconbox_content_title '  itemprop=\"headline\"   style='color:#ffffff; '>PROFISSIONAIS CAPACITADOS<\/h3><\/header><div class='iconbox_content_container av_inherit_color '  itemprop=\"text\"   style='color:#ffffff; '><p>Nossos colaboradores passam por uma s\u00e9rie de treinamentos. Nossa empresa possui todas normas regulamentadores para estar atuando no mercado.<\/p>\n<\/div><\/div><footer class=\"entry-footer\"><\/footer><\/article><br \/>\n<article class=\"iconbox iconbox_left_content    av-icon-style-no-border\"  itemscope=\"itemscope\" itemtype=\"https:\/\/schema.org\/CreativeWork\" ><div class=\"iconbox_icon heading-color \" aria-hidden='true' data-av_icon='\uf14e' data-av_iconfont='flaticon'  style='color:#ffffff; ' ><\/div><div class=\"iconbox_content\"><header class=\"entry-content-header\"><h3 class='iconbox_content_title '  itemprop=\"headline\"   style='color:#ffffff; '>ALTA TECNOLOGIA<\/h3><\/header><div class='iconbox_content_container av_inherit_color '  itemprop=\"text\"   style='color:#ffffff; '><p>Trabalhamos com equipamentos de alta tecnologia visando otimizar o benef\u00edcio para o cliente e agilizar a produ\u00e7\u00e3o.<\/p>\n<\/div><\/div><footer class=\"entry-footer\"><\/footer><\/article><\/p><\/div><\/div><!--close column table wrapper. Autoclose: 1 --><\/div><\/div><\/div><!-- close content main div --><\/div><\/div><\/div><div id='av-layout-grid-1' class='av-layout-grid-container entry-content-wrapper main_color av-flex-cells    container_wrap fullsize' style=' '  >\n<div class=\"flex_cell no_margin av_one_full   av-zero-padding \" style='vertical-align:top; padding:0px; '><div class='flex_cell_inner' >\n<\/div><\/div>\n<\/div><\/p>\n","protected":false},"excerpt":{"rendered":"<p>[av_revolutionslider id=&#8217;3&#8242; av_uid=&#8217;av-bg26u&#8217;]<\/p>\n","protected":false},"author":1,"featured_media":0,"parent":0,"menu_order":0,"comment_status":"closed","ping_status":"closed","template":"","meta":{"footnotes":"","_joinchat":[]},"_links":{"self":[{"href":"https:\/\/eletronsmateriaiseletricos.com.br\/index.php?rest_route=\/wp\/v2\/pages\/110"}],"collection":[{"href":"https:\/\/eletronsmateriaiseletricos.com.br\/index.php?rest_route=\/wp\/v2\/pages"}],"about":[{"href":"https:\/\/eletronsmateriaiseletricos.com.br\/index.php?rest_route=\/wp\/v2\/types\/page"}],"author":[{"embeddable":true,"href":"https:\/\/eletronsmateriaiseletricos.com.br\/index.php?rest_route=\/wp\/v2\/users\/1"}],"replies":[{"embeddable":true,"href":"https:\/\/eletronsmateriaiseletricos.com.br\/index.php?rest_route=%2Fwp%2Fv2%2Fcomments&post=110"}],"version-history":[{"count":13,"href":"https:\/\/eletronsmateriaiseletricos.com.br\/index.php?rest_route=\/wp\/v2\/pages\/110\/revisions"}],"predecessor-version":[{"id":431,"href":"https:\/\/eletronsmateriaiseletricos.com.br\/index.php?rest_route=\/wp\/v2\/pages\/110\/revisions\/431"}],"wp:attachment":[{"href":"https:\/\/eletronsmateriaiseletricos.com.br\/index.php?rest_route=%2Fwp%2Fv2%2Fmedia&parent=110"}],"curies":[{"name":"wp","href":"https:\/\/api.w.org\/{rel}","templated":true}]}}